{"id":13,"date":"2021-10-27T18:25:32","date_gmt":"2021-10-27T21:25:32","guid":{"rendered":"http:\/\/ppgzoo.uesc.br\/?page_id=13"},"modified":"2024-10-15T10:56:50","modified_gmt":"2024-10-15T13:56:50","slug":"pagina2","status":"publish","type":"page","link":"https:\/\/ppgzoo.uesc.br\/index.php\/pagina2\/","title":{"rendered":"Docentes"},"content":{"rendered":"\t\t<div data-elementor-type=\"wp-page\" data-elementor-id=\"13\" class=\"elementor elementor-13\">\n\t\t\t\t\t\t<section class=\"elementor-section elementor-top-section elementor-element elementor-element-1d632d8 elementor-section-boxed elementor-section-height-default elementor-section-height-default\" data-id=\"1d632d8\" data-element_type=\"section\" data-e-type=\"section\">\n\t\t\t\t\t\t<div class=\"elementor-container elementor-column-gap-default\">\n\t\t\t\t\t<div class=\"elementor-column elementor-col-100 elementor-top-column elementor-element elementor-element-2a5a63d\" data-id=\"2a5a63d\" data-element_type=\"column\" data-e-type=\"column\">\n\t\t\t<div class=\"elementor-widget-wrap elementor-element-populated\">\n\t\t\t\t\t\t<div class=\"elementor-element elementor-element-a31f692 elementor-widget elementor-widget-heading\" data-id=\"a31f692\" data-element_type=\"widget\" data-e-type=\"widget\" data-widget_type=\"heading.default\">\n\t\t\t\t<div class=\"elementor-widget-container\">\n\t\t\t\t\t<h2 class=\"elementor-heading-title elementor-size-default\">Docentes do PPGZOO em 2024<\/h2>\t\t\t\t<\/div>\n\t\t\t\t<\/div>\n\t\t\t\t\t<\/div>\n\t\t<\/div>\n\t\t\t\t\t<\/div>\n\t\t<\/section>\n\t\t\t\t<section class=\"elementor-section elementor-top-section elementor-element elementor-element-e693fac elementor-section-boxed elementor-section-height-default elementor-section-height-default\" data-id=\"e693fac\" data-element_type=\"section\" data-e-type=\"section\">\n\t\t\t\t\t\t<div class=\"elementor-container elementor-column-gap-default\">\n\t\t\t\t\t<div class=\"elementor-column elementor-col-100 elementor-top-column elementor-element elementor-element-b3790db\" data-id=\"b3790db\" data-element_type=\"column\" data-e-type=\"column\">\n\t\t\t<div class=\"elementor-widget-wrap elementor-element-populated\">\n\t\t\t\t\t\t<div class=\"elementor-element elementor-element-0a15a97 elementor-widget elementor-widget-text-editor\" data-id=\"0a15a97\" data-element_type=\"widget\" data-e-type=\"widget\" data-widget_type=\"text-editor.default\">\n\t\t\t\t<div class=\"elementor-widget-container\">\n\t\t\t\t\t\t\t\t\t<p>\n<table id=\"tablepress-9\" class=\"tablepress tablepress-id-9\">\n<thead>\n<tr class=\"row-1\">\n\t<th class=\"column-1\">Nome:<\/th><th class=\"column-2\">\u00c1rea de atua\u00e7\u00e3o:<\/th><th class=\"column-3\">e-mail:<\/th><th class=\"column-4\">Curriculo Lattes:<\/th><th class=\"column-5\">Perfil Researchgate:<\/th><th class=\"column-6\">Categoria:<\/th>\n<\/tr>\n<\/thead>\n<tbody class=\"row-striping row-hover\">\n<tr class=\"row-2\">\n\t<td class=\"column-1\">Alexandre Schiavetti<\/td><td class=\"column-2\">Ci\u00eancias ambientais com \u00eanfase em \u00e1reas protegidas para conserva\u00e7\u00e3o de esp\u00e9cies ame\u00e7adas e etnozoologia<\/td><td class=\"column-3\">aleschi@uesc.br<\/td><td class=\"column-4\"><a href=\"http:\/\/lattes.cnpq.br\/7401911259032572\">Consultar<\/a><\/td><td class=\"column-5\"><a href=\"https:\/\/www.researchgate.net\/profile\/Alexandre-Schiavetti\">Consultar<\/a><\/td><td class=\"column-6\">Permanente<\/td>\n<\/tr>\n<tr class=\"row-3\">\n\t<td class=\"column-1\">Ant\u00f4nio Jorge Suzart Arg\u00f4lo<\/td><td class=\"column-2\">Hist\u00f3ria natural e distribui\u00e7\u00e3o geogr\u00e1fica de serpentes, esp\u00e9cies amea\u00e7adas e epidemiologia do ofidismo<\/td><td class=\"column-3\">ajargolo@gmail.com<\/td><td class=\"column-4\"><a href=\"http:\/\/lattes.cnpq.br\/7471408974598135\">Consultar<\/a><\/td><td class=\"column-5\"><a href=\"https:\/\/www.researchgate.net\/profile\/Antonio-Argolo\">Consultar<\/a><\/td><td class=\"column-6\">Permanente<\/td>\n<\/tr>\n<tr class=\"row-4\">\n\t<td class=\"column-1\">Camila Righetto Cassano<\/td><td class=\"column-2\">Biologia da conserva\u00e7\u00e3o com \u00eanfase em mam\u00edferos da Mata Atl\u00e2ntica<\/td><td class=\"column-3\">crc.uesc@gmail.com<\/td><td class=\"column-4\"><a href=\"http:\/\/lattes.cnpq.br\/9575407510976603\">Consultar<\/a><\/td><td class=\"column-5\"><a href=\"https:\/\/www.researchgate.net\/profile\/Camila-Cassano\">Consultar<\/a><\/td><td class=\"column-6\">Permanente<\/td>\n<\/tr>\n<tr class=\"row-5\">\n\t<td class=\"column-1\">Carla Santana Cassini<\/td><td class=\"column-2\">Evolu\u00e7\u00e3o, sistem\u00e1tica e conserva\u00e7\u00e3o da anurofauna neotropical.<\/td><td class=\"column-3\">cscassini@uesc.br<\/td><td class=\"column-4\"><a href=\"http:\/\/lattes.cnpq.br\/4181049699284539\">Consultar<\/a><\/td><td class=\"column-5\"><\/td><td class=\"column-6\">Permanente<\/td>\n<\/tr>\n<tr class=\"row-6\">\n\t<td class=\"column-1\">Cl\u00e9a dos Santos Ferreira Mariano<\/td><td class=\"column-2\">Citogen\u00e9tica e hist\u00f3ria natural de formigas<\/td><td class=\"column-3\">csfmariano@@uesc.br<\/td><td class=\"column-4\"><a href=\"http:\/\/lattes.cnpq.br\/5858046785537069\">Consultar<\/a><\/td><td class=\"column-5\"><a href=\"https:\/\/www.researchgate.net\/profile\/Clea-Mariano\">Consultar<\/a><\/td><td class=\"column-6\">Permanente<\/td>\n<\/tr>\n<tr class=\"row-7\">\n\t<td class=\"column-1\">Cleverson Zapelini dos Santos<\/td><td class=\"column-2\">Biologia e conserva\u00e7\u00e3o de recursos naturais em \u00c1reas Marinhas Protegidas, gest\u00e3o da pesca de pequena escala, redes ecol\u00f3gicas e ecologia hist\u00f3rica.<\/td><td class=\"column-3\">czsantos@uesc.br<\/td><td class=\"column-4\"><a href=\"http:\/\/lattes.cnpq.br\/9450802472672273\">Consultar<\/a><\/td><td class=\"column-5\"><a href=\"https:\/\/www.researchgate.net\/profile\/Cleverson-Santos\">Consultar<\/a><\/td><td class=\"column-6\">Permanente<\/td>\n<\/tr>\n<tr class=\"row-8\">\n\t<td class=\"column-1\">Daniel Danilewicz Schiavon<\/td><td class=\"column-2\">Conserva\u00e7\u00e3o e Hist\u00f3ria de Vida de Mam\u00edferos Marinhos\u00a0 \u00a0 \u00a0 \u00a0 \u00a0 \u00a0 \u00a0 \u00a0 \u00a0<\/td><td class=\"column-3\">daniel.danilewicz@gmail.com<\/td><td class=\"column-4\"><a href=\"http:\/\/lattes.cnpq.br\/9860404837617443\">Consultar<\/a><\/td><td class=\"column-5\"><a href=\"https:\/\/www.researchgate.net\/profile\/Daniel-Danilewicz\">Consultar<\/a><\/td><td class=\"column-6\">Permanente<\/td>\n<\/tr>\n<tr class=\"row-9\">\n\t<td class=\"column-1\">Danilo Simonini Teixeira<\/td><td class=\"column-2\">Animais selvagens; primatologia; zoonoses; Medicina da Conserva\u00e7\u00e3o<\/td><td class=\"column-3\">dsteixeira@uesc.br<\/td><td class=\"column-4\"><a href=\"http:\/\/lattes.cnpq.br\/8238033124158316\">Consultar<\/a><\/td><td class=\"column-5\"><a href=\"https:\/\/www.researchgate.net\/profile\/Danilo-Teixeira-3\">Consultar<\/a><\/td><td class=\"column-6\">Permanente<\/td>\n<\/tr>\n<tr class=\"row-10\">\n\t<td class=\"column-1\">Dennis R\u00f6dder<\/td><td class=\"column-2\">Taxonomia, conserva\u00e7\u00e3o da biodiversidade, modelagem de nicho ecol\u00f3gico, especies invasoras<\/td><td class=\"column-3\">roedder@uni-trier.de<\/td><td class=\"column-4\"><a href=\"http:\/\/lattes.cnpq.br\/5960578405946271\">Consultar<\/a><\/td><td class=\"column-5\"><a href=\"https:\/\/www.researchgate.net\/profile\/Dennis-Roedder\">Consultar<\/a><\/td><td class=\"column-6\">Permanente<\/td>\n<\/tr>\n<tr class=\"row-11\">\n\t<td class=\"column-1\">Erminda da Concei\u00e7\u00e3o Guerreiro Couto<\/td><td class=\"column-2\">Estrutura e funcionamento de ecossistemas aqu\u00e1ticos com \u00eanfase no zoobentos<\/td><td class=\"column-3\">minda@uesc.br<\/td><td class=\"column-4\"><a href=\"http:\/\/lattes.cnpq.br\/4061653112293229\">Consultar<\/a><\/td><td class=\"column-5\"><a href=\"https:\/\/www.researchgate.net\/profile\/Erminda-Guerreiro-Couto\">Consultar<\/a><\/td><td class=\"column-6\">Permanente<\/td>\n<\/tr>\n<tr class=\"row-12\">\n\t<td class=\"column-1\">Eliana Cazetta<\/td><td class=\"column-2\">Impactos antr\u00f3picos sobre a biodiversidade, com \u00eanfase em fragmenta\u00e7\u00e3o florestal, defauna\u00e7\u00e3o e processos ecol\u00f3gicos relacionados \u00e0 dispers\u00e3o de sementes.<\/td><td class=\"column-3\">eliana.cazetta@gmail.com<\/td><td class=\"column-4\"><a href=\"http:\/\/lattes.cnpq.br\/1416504174729391\">Consultar<\/a><\/td><td class=\"column-5\"><\/td><td class=\"column-6\">Colaboradora<\/td>\n<\/tr>\n<tr class=\"row-13\">\n\t<td class=\"column-1\">Fabiana C\u00e9zar F\u00e9lix Hackradt<\/td><td class=\"column-2\">Funcionamento de sistemas reciais, com \u00eanfase em ictiologia e conserva\u00e7\u00e3o de popula\u00e7\u00f5es marinhas amea\u00e7adas<\/td><td class=\"column-3\">fabianacfh@csc.ufsb.edu.br<\/td><td class=\"column-4\"><a href=\"http:\/\/lattes.cnpq.br\/1938903757821939\">Consultar<\/a><\/td><td class=\"column-5\"><a href=\"https:\/\/www.researchgate.net\/profile\/Fabiana-Felix-Hackradt-2\">Consultar<\/a><\/td><td class=\"column-6\">Permanente<\/td>\n<\/tr>\n<tr class=\"row-14\">\n\t<td class=\"column-1\">Fabr\u00edcio Lopes de Carvalho<\/td><td class=\"column-2\">Ecologia, morfologia, biologia molecular e sistem\u00e1tica, com \u00eanfase em crust\u00e1ceos dec\u00e1podes<\/td><td class=\"column-3\">fabricio.carvalho@cja.ufsb.edu.br<\/td><td class=\"column-4\"><a href=\"http:\/\/lattes.cnpq.br\/1650878432128571\">Consultar<\/a><\/td><td class=\"column-5\"><a href=\"https:\/\/www.researchgate.net\/profile\/Fabricio-Carvalho-8\">Consultar<\/a><\/td><td class=\"column-6\">Permanente<\/td>\n<\/tr>\n<tr class=\"row-15\">\n\t<td class=\"column-1\">Iuri Ribeiro Dias<\/td><td class=\"column-2\">Herpetologia<\/td><td class=\"column-3\">iurirdias@hotmail.com<\/td><td class=\"column-4\"><a href=\"http:\/\/lattes.cnpq.br\/4292440242430376\">Consultar<\/a><\/td><td class=\"column-5\"><a href=\"https:\/\/www.researchgate.net\/profile\/Iuri-Dias-2\">Consultar<\/a><\/td><td class=\"column-6\">Permanente<\/td>\n<\/tr>\n<tr class=\"row-16\">\n\t<td class=\"column-1\">Jacques Hubert Charles Delabie<\/td><td class=\"column-2\">Ecologia de comunidades, Mirmecologia<\/td><td class=\"column-3\">jacques.delabie@gmail.com<\/td><td class=\"column-4\"><a href=\"http:\/\/lattes.cnpq.br\/8788146482053893\">Consultar<\/a><\/td><td class=\"column-5\"><a href=\"https:\/\/www.researchgate.net\/profile\/Jacques-Delabie\">Consultar<\/a><\/td><td class=\"column-6\">Permanente<\/td>\n<\/tr>\n<tr class=\"row-17\">\n\t<td class=\"column-1\">Janisete Gomes da Silva Miller<\/td><td class=\"column-2\">Biologia e Gen\u00e9tica de moscas-das-frutas<\/td><td class=\"column-3\">jgs10@uol.com.br<\/td><td class=\"column-4\"><a href=\"http:\/\/lattes.cnpq.br\/8792988784726241\">Consultar<\/a><\/td><td class=\"column-5\"><a href=\"https:\/\/www.researchgate.net\/profile\/Janisete-Silva\">Consultar<\/a><\/td><td class=\"column-6\">Permanente<\/td>\n<\/tr>\n<tr class=\"row-18\">\n\t<td class=\"column-1\">Luisa Maria Diele Viegas Costa Silva<\/td><td class=\"column-2\">1. Impacto das atividades antr\u00f3picas nos sistemas naturais e humanos (macroecologia, ecofisiologia e macroevolu\u00e7\u00e3o); 2. Governan\u00e7a Cient\u00edfica em Biodiversidade; 3. Etnozoologia.<\/td><td class=\"column-3\">luisa.mviegas@gmail.com<\/td><td class=\"column-4\"><a href=\"http:\/\/lattes.cnpq.br\/9032844663306862\">Consultar<\/a><\/td><td class=\"column-5\"><a href=\"https:\/\/www.researchgate.net\/profile\/Luisa-Diele-Viegas\">Consultar<\/a><\/td><td class=\"column-6\">Colaborador<\/td>\n<\/tr>\n<tr class=\"row-19\">\n\t<td class=\"column-1\">Marco Antonio Costa<\/td><td class=\"column-2\">Citogen\u00e9tica animal. Biologia de Hymenoptera<\/td><td class=\"column-3\">costama@uesc.br<\/td><td class=\"column-4\"><a href=\"http:\/\/lattes.cnpq.br\/8721647772738636\">Consultar<\/a><\/td><td class=\"column-5\"><a href=\"https:\/\/www.researchgate.net\/profile\/Marco-Costa-17\">Consultar<\/a><\/td><td class=\"column-6\">Colaborador<\/td>\n<\/tr>\n<tr class=\"row-20\">\n\t<td class=\"column-1\">Mart\u00edn Roberto del Valle Alvarez<\/td><td class=\"column-2\">Mastozoologia, levantamento e manejo da fauna silvestre, conserva\u00e7\u00e3o da biodiversidade<\/td><td class=\"column-3\">malva@uesc.br<\/td><td class=\"column-4\"><a href=\"http:\/\/lattes.cnpq.br\/5393941362374410\">Consultar<\/a><\/td><td class=\"column-5\"><a href=\"https:\/\/www.researchgate.net\/profile\/Martin-Alvarez\">Consultar<\/a><\/td><td class=\"column-6\">Permanente<\/td>\n<\/tr>\n<tr class=\"row-21\">\n\t<td class=\"column-1\">Mirco Sol\u00e9 Kienle<\/td><td class=\"column-2\">Ecologia, hist\u00f3ria natural e conserva\u00e7\u00e3o de esp\u00e9cies amea\u00e7adas com \u00eanfase em anf\u00edbios anuros<\/td><td class=\"column-3\">mksole@uesc.br<\/td><td class=\"column-4\"><a href=\"http:\/\/lattes.cnpq.br\/4699487696643159\">Consultar<\/a><\/td><td class=\"column-5\"><a href=\"https:\/\/www.researchgate.net\/profile\/Mirco-Sole\">Consultar<\/a><\/td><td class=\"column-6\">Permanente<\/td>\n<\/tr>\n<tr class=\"row-22\">\n\t<td class=\"column-1\">Rodolfo Mariano Lopes da Silva<\/td><td class=\"column-2\">Taxonomia de insetos aqu\u00e1ticos<\/td><td class=\"column-3\">rmlsilva@uesc.br<\/td><td class=\"column-4\"><a href=\"http:\/\/lattes.cnpq.br\/5128739642127089\">Consultar<\/a><\/td><td class=\"column-5\"><a href=\"https:\/\/www.researchgate.net\/profile\/Rodolfo_Mariano3\">Consultar<\/a><\/td><td class=\"column-6\">Permanente<\/td>\n<\/tr>\n<tr class=\"row-23\">\n\t<td class=\"column-1\">Rodolpho Santos Telles de Menezes<\/td><td class=\"column-2\">Biogeografia, Citogen\u00e9tica, Filogeografia, Filogen\u00f4mica e Sistem\u00e1tica Molecular<\/td><td class=\"column-3\">rstmenezes@gmail.com<\/td><td class=\"column-4\"><a href=\"http:\/\/lattes.cnpq.br\/3782271256332087\">Consultar<\/a><\/td><td class=\"column-5\"><a href=\"https:\/\/www.researchgate.net\/profile\/Rodolpho-Menezes-2\">Consultar<\/a><\/td><td class=\"column-6\">Permanente<\/td>\n<\/tr>\n<tr class=\"row-24\">\n\t<td class=\"column-1\">Rodrigo Machado<\/td><td class=\"column-2\">Hist\u00f3ria de vida e conserva\u00e7\u00e3o de pin\u00edpedes (lobos, le\u00f5es, elefantes-marinhos e focas) e lontras.<\/td><td class=\"column-3\">ecomachado@gmail.com<\/td><td class=\"column-4\"><a href=\"http:\/\/lattes.cnpq.br\/4393555159586066\">Consultar<\/a><\/td><td class=\"column-5\"><a href=\"https:\/\/www.researchgate.net\/profile\/Rodrigo-Machado-3\">Consultar<\/a><\/td><td class=\"column-6\">Colaborador<\/td>\n<\/tr>\n<tr class=\"row-25\">\n\t<td class=\"column-1\">Selene Siqueira da Cunha Nogueira<\/td><td class=\"column-2\">Etologia, com \u00eanfase em comportamento social , temperamento, cogni\u00e7\u00e3o, bem estar e comunica\u00e7\u00e3o animal<\/td><td class=\"column-3\">selene@uesc.br<\/td><td class=\"column-4\"><a href=\"http:\/\/lattes.cnpq.br\/7824824785994078\">Consultar<\/a><\/td><td class=\"column-5\"><a href=\"https:\/\/www.researchgate.net\/profile\/Selene-Nogueira\">Consultar<\/a><\/td><td class=\"column-6\">Permanente<\/td>\n<\/tr>\n<tr class=\"row-26\">\n\t<td class=\"column-1\">S\u00e9rgio Luiz Gama Nogueira Filho<\/td><td class=\"column-2\">Comportamento e manejo de animais silvestres, nutri\u00e7\u00e3o animal<\/td><td class=\"column-3\">slgnogue@uesc.br<\/td><td class=\"column-4\"><a href=\"http:\/\/lattes.cnpq.br\/8870990485069821\">Consultar<\/a><\/td><td class=\"column-5\"><a href=\"https:\/\/www.researchgate.net\/profile\/Sergio-Nogueira-Filho\">Consultar<\/a><\/td><td class=\"column-6\">Permanente<\/td>\n<\/tr>\n<tr class=\"row-27\">\n\t<td class=\"column-1\">Victor Goyannes Dill Orrico<\/td><td class=\"column-2\">Herpetologia e de maneira integrativa com hist\u00f3ria natural e sistem\u00e1tica de anf\u00edbios<\/td><td class=\"column-3\">victordill@gmail.com<\/td><td class=\"column-4\"><a href=\"http:\/\/lattes.cnpq.br\/8248113511185358\">Consultar<\/a><\/td><td class=\"column-5\"><a href=\"https:\/\/www.researchgate.net\/profile\/Victor-Orrico\">Consultar<\/a><\/td><td class=\"column-6\">Permanente<\/td>\n<\/tr>\n<tr class=\"row-28\">\n\t<td class=\"column-1\">Yvonnick Le Pendu<\/td><td class=\"column-2\">Ecologia e etologia de mam\u00edferos, com \u00eanfase em cet\u00e1ceos<\/td><td class=\"column-3\">yvonnick@uesc.br<\/td><td class=\"column-4\"><a href=\"http:\/\/lattes.cnpq.br\/5386152604854342\">Consultar<\/a><\/td><td class=\"column-5\"><a href=\"https:\/\/www.researchgate.net\/profile\/Yvonnick-Le-Pendu\">Consultar<\/a><\/td><td class=\"column-6\">Permanente<\/td>\n<\/tr>\n<\/tbody>\n<\/table>\n<!-- #tablepress-9 from cache --><\/p>\t\t\t\t\t\t\t\t<\/div>\n\t\t\t\t<\/div>\n\t\t\t\t\t<\/div>\n\t\t<\/div>\n\t\t\t\t\t<\/div>\n\t\t<\/section>\n\t\t\t\t<\/div>\n\t\t","protected":false},"excerpt":{"rendered":"<p>Docentes do PPGZOO em 2024<\/p>\n","protected":false},"author":1,"featured_media":0,"parent":0,"menu_order":0,"comment_status":"closed","ping_status":"closed","template":"","meta":{"ocean_post_layout":"full-screen","ocean_both_sidebars_style":"","ocean_both_sidebars_content_width":0,"ocean_both_sidebars_sidebars_width":0,"ocean_sidebar":"0","ocean_second_sidebar":"0","ocean_disable_margins":"enable","ocean_add_body_class":"","ocean_shortcode_before_top_bar":"","ocean_shortcode_after_top_bar":"","ocean_shortcode_before_header":"","ocean_shortcode_after_header":"","ocean_has_shortcode":"","ocean_shortcode_after_title":"","ocean_shortcode_before_footer_widgets":"","ocean_shortcode_after_footer_widgets":"","ocean_shortcode_before_footer_bottom":"","ocean_shortcode_after_footer_bottom":"","ocean_display_top_bar":"off","ocean_display_header":"default","ocean_header_style":"","ocean_center_header_left_menu":"0","ocean_custom_header_template":"0","ocean_custom_logo":0,"ocean_custom_retina_logo":0,"ocean_custom_logo_max_width":0,"ocean_custom_logo_tablet_max_width":0,"ocean_custom_logo_mobile_max_width":0,"ocean_custom_logo_max_height":0,"ocean_custom_logo_tablet_max_height":0,"ocean_custom_logo_mobile_max_height":0,"ocean_header_custom_menu":"0","ocean_menu_typo_font_family":"0","ocean_menu_typo_font_subset":"","ocean_menu_typo_font_size":0,"ocean_menu_typo_font_size_tablet":0,"ocean_menu_typo_font_size_mobile":0,"ocean_menu_typo_font_size_unit":"px","ocean_menu_typo_font_weight":"","ocean_menu_typo_font_weight_tablet":"","ocean_menu_typo_font_weight_mobile":"","ocean_menu_typo_transform":"","ocean_menu_typo_transform_tablet":"","ocean_menu_typo_transform_mobile":"","ocean_menu_typo_line_height":0,"ocean_menu_typo_line_height_tablet":0,"ocean_menu_typo_line_height_mobile":0,"ocean_menu_typo_line_height_unit":"","ocean_menu_typo_spacing":0,"ocean_menu_typo_spacing_tablet":0,"ocean_menu_typo_spacing_mobile":0,"ocean_menu_typo_spacing_unit":"","ocean_menu_link_color":"","ocean_menu_link_color_hover":"","ocean_menu_link_color_active":"","ocean_menu_link_background":"","ocean_menu_link_hover_background":"","ocean_menu_link_active_background":"","ocean_menu_social_links_bg":"","ocean_menu_social_hover_links_bg":"","ocean_menu_social_links_color":"","ocean_menu_social_hover_links_color":"","ocean_disable_title":"on","ocean_disable_heading":"default","ocean_post_title":"","ocean_post_subheading":"","ocean_post_title_style":"","ocean_post_title_background_color":"","ocean_post_title_background":0,"ocean_post_title_bg_image_position":"","ocean_post_title_bg_image_attachment":"","ocean_post_title_bg_image_repeat":"","ocean_post_title_bg_image_size":"","ocean_post_title_height":0,"ocean_post_title_bg_overlay":0.5,"ocean_post_title_bg_overlay_color":"","ocean_disable_breadcrumbs":"default","ocean_breadcrumbs_color":"","ocean_breadcrumbs_separator_color":"","ocean_breadcrumbs_links_color":"","ocean_breadcrumbs_links_hover_color":"","ocean_display_footer_widgets":"off","ocean_display_footer_bottom":"off","ocean_custom_footer_template":"0","footnotes":""},"class_list":["post-13","page","type-page","status-publish","hentry","entry"],"_links":{"self":[{"href":"https:\/\/ppgzoo.uesc.br\/index.php\/wp-json\/wp\/v2\/pages\/13","targetHints":{"allow":["GET"]}}],"collection":[{"href":"https:\/\/ppgzoo.uesc.br\/index.php\/wp-json\/wp\/v2\/pages"}],"about":[{"href":"https:\/\/ppgzoo.uesc.br\/index.php\/wp-json\/wp\/v2\/types\/page"}],"author":[{"embeddable":true,"href":"https:\/\/ppgzoo.uesc.br\/index.php\/wp-json\/wp\/v2\/users\/1"}],"replies":[{"embeddable":true,"href":"https:\/\/ppgzoo.uesc.br\/index.php\/wp-json\/wp\/v2\/comments?post=13"}],"version-history":[{"count":20,"href":"https:\/\/ppgzoo.uesc.br\/index.php\/wp-json\/wp\/v2\/pages\/13\/revisions"}],"predecessor-version":[{"id":3270,"href":"https:\/\/ppgzoo.uesc.br\/index.php\/wp-json\/wp\/v2\/pages\/13\/revisions\/3270"}],"wp:attachment":[{"href":"https:\/\/ppgzoo.uesc.br\/index.php\/wp-json\/wp\/v2\/media?parent=13"}],"curies":[{"name":"wp","href":"https:\/\/api.w.org\/{rel}","templated":true}]}}