{"id":3495,"date":"2024-12-11T14:02:32","date_gmt":"2024-12-11T17:02:32","guid":{"rendered":"https:\/\/ppgzoo.uesc.br\/?page_id=3495"},"modified":"2026-03-10T10:57:24","modified_gmt":"2026-03-10T13:57:24","slug":"provas-anteriores","status":"publish","type":"page","link":"https:\/\/ppgzoo.uesc.br\/index.php\/provas-anteriores\/","title":{"rendered":"Provas anteriores"},"content":{"rendered":"\t\t<div data-elementor-type=\"wp-page\" data-elementor-id=\"3495\" class=\"elementor elementor-3495\">\n\t\t\t\t\t\t<section class=\"elementor-section elementor-top-section elementor-element elementor-element-cd1eeae elementor-section-boxed elementor-section-height-default elementor-section-height-default\" data-id=\"cd1eeae\" data-element_type=\"section\" data-e-type=\"section\">\n\t\t\t\t\t\t<div class=\"elementor-container elementor-column-gap-default\">\n\t\t\t\t\t<div class=\"elementor-column elementor-col-100 elementor-top-column elementor-element elementor-element-658341a\" data-id=\"658341a\" data-element_type=\"column\" data-e-type=\"column\">\n\t\t\t<div class=\"elementor-widget-wrap elementor-element-populated\">\n\t\t\t\t\t\t<div class=\"elementor-element elementor-element-8161ccf elementor-widget elementor-widget-heading\" data-id=\"8161ccf\" data-element_type=\"widget\" data-e-type=\"widget\" data-widget_type=\"heading.default\">\n\t\t\t\t<div class=\"elementor-widget-container\">\n\t\t\t\t\t<h2 class=\"elementor-heading-title elementor-size-default\">Provas anteriores<\/h2>\t\t\t\t<\/div>\n\t\t\t\t<\/div>\n\t\t\t\t\t<\/div>\n\t\t<\/div>\n\t\t\t\t\t<\/div>\n\t\t<\/section>\n\t\t\t\t<section class=\"elementor-section elementor-top-section elementor-element elementor-element-4d74207 elementor-section-boxed elementor-section-height-default elementor-section-height-default\" data-id=\"4d74207\" data-element_type=\"section\" data-e-type=\"section\">\n\t\t\t\t\t\t<div class=\"elementor-container elementor-column-gap-default\">\n\t\t\t\t\t<div class=\"elementor-column elementor-col-100 elementor-top-column elementor-element elementor-element-c44bb8f\" data-id=\"c44bb8f\" data-element_type=\"column\" data-e-type=\"column\">\n\t\t\t<div class=\"elementor-widget-wrap elementor-element-populated\">\n\t\t\t\t\t\t<div class=\"elementor-element elementor-element-769c764 elementor-widget elementor-widget-text-editor\" data-id=\"769c764\" data-element_type=\"widget\" data-e-type=\"widget\" data-widget_type=\"text-editor.default\">\n\t\t\t\t<div class=\"elementor-widget-container\">\n\t\t\t\t\t\t\t\t\t<p><strong><a href=\"https:\/\/drive.google.com\/file\/d\/14K3PBUQ4k_tOM_D8Lc_3saEqNyHIOM5r\/view?usp=drive_link\" target=\"_blank\" rel=\"noopener\">Prova Sele\u00e7\u00e3o Turma 2026.1 &#8211; Edital UESC No 194\/2025<\/a><\/strong><\/p><p><a href=\"https:\/\/drive.google.com\/file\/d\/1Kk5IfKQ7TsRG7koOdY9ONL8W-b7L76Zm\/view?usp=sharing\" target=\"_blank\" rel=\"noopener\"><strong>Prova Sele\u00e7\u00e3o Turma 2025<\/strong><\/a><\/p><p><a href=\"http:\/\/ppgzoo.uesc.br\/wp-content\/uploads\/2024\/12\/Prova_Zoo_2024.pdf\" target=\"_blank\" rel=\"noopener\"><strong>Prova Sele\u00e7\u00e3o Turma 2024<\/strong><\/a><\/p><p><strong><a href=\"http:\/\/ppgzoo.uesc.br\/wp-content\/uploads\/2024\/12\/Prova_Zoo_2023.pdf\" target=\"_blank\" rel=\"noopener\">Prova Sele\u00e7\u00e3o Turma 2023<\/a><\/strong><\/p><p><strong><a href=\"http:\/\/ppgzoo.uesc.br\/wp-content\/uploads\/2024\/12\/Prova_Zoo_2018.pdf\" target=\"_blank\" rel=\"noopener\">Prova Sele\u00e7\u00e3o Turma 2018<\/a><\/strong><\/p>\t\t\t\t\t\t\t\t<\/div>\n\t\t\t\t<\/div>\n\t\t\t\t\t<\/div>\n\t\t<\/div>\n\t\t\t\t\t<\/div>\n\t\t<\/section>\n\t\t\t\t<\/div>\n\t\t","protected":false},"excerpt":{"rendered":"<p>Provas anteriores Prova Sele\u00e7\u00e3o Turma 2026.1 &#8211; Edital UESC No 194\/2025 Prova Sele\u00e7\u00e3o Turma 2025 Prova Sele\u00e7\u00e3o Turma 2024 Prova Sele\u00e7\u00e3o Turma 2023 Prova Sele\u00e7\u00e3o Turma 2018<\/p>\n","protected":false},"author":1,"featured_media":0,"parent":0,"menu_order":0,"comment_status":"closed","ping_status":"closed","template":"","meta":{"ocean_post_layout":"full-screen","ocean_both_sidebars_style":"","ocean_both_sidebars_content_width":0,"ocean_both_sidebars_sidebars_width":0,"ocean_sidebar":"0","ocean_second_sidebar":"0","ocean_disable_margins":"enable","ocean_add_body_class":"","ocean_shortcode_before_top_bar":"","ocean_shortcode_after_top_bar":"","ocean_shortcode_before_header":"","ocean_shortcode_after_header":"","ocean_has_shortcode":"","ocean_shortcode_after_title":"","ocean_shortcode_before_footer_widgets":"","ocean_shortcode_after_footer_widgets":"","ocean_shortcode_before_footer_bottom":"","ocean_shortcode_after_footer_bottom":"","ocean_display_top_bar":"default","ocean_display_header":"default","ocean_header_style":"","ocean_center_header_left_menu":"0","ocean_custom_header_template":"0","ocean_custom_logo":0,"ocean_custom_retina_logo":0,"ocean_custom_logo_max_width":0,"ocean_custom_logo_tablet_max_width":0,"ocean_custom_logo_mobile_max_width":0,"ocean_custom_logo_max_height":0,"ocean_custom_logo_tablet_max_height":0,"ocean_custom_logo_mobile_max_height":0,"ocean_header_custom_menu":"0","ocean_menu_typo_font_family":"0","ocean_menu_typo_font_subset":"","ocean_menu_typo_font_size":0,"ocean_menu_typo_font_size_tablet":0,"ocean_menu_typo_font_size_mobile":0,"ocean_menu_typo_font_size_unit":"px","ocean_menu_typo_font_weight":"","ocean_menu_typo_font_weight_tablet":"","ocean_menu_typo_font_weight_mobile":"","ocean_menu_typo_transform":"","ocean_menu_typo_transform_tablet":"","ocean_menu_typo_transform_mobile":"","ocean_menu_typo_line_height":0,"ocean_menu_typo_line_height_tablet":0,"ocean_menu_typo_line_height_mobile":0,"ocean_menu_typo_line_height_unit":"","ocean_menu_typo_spacing":0,"ocean_menu_typo_spacing_tablet":0,"ocean_menu_typo_spacing_mobile":0,"ocean_menu_typo_spacing_unit":"","ocean_menu_link_color":"","ocean_menu_link_color_hover":"","ocean_menu_link_color_active":"","ocean_menu_link_background":"","ocean_menu_link_hover_background":"","ocean_menu_link_active_background":"","ocean_menu_social_links_bg":"","ocean_menu_social_hover_links_bg":"","ocean_menu_social_links_color":"","ocean_menu_social_hover_links_color":"","ocean_disable_title":"default","ocean_disable_heading":"default","ocean_post_title":"","ocean_post_subheading":"","ocean_post_title_style":"","ocean_post_title_background_color":"","ocean_post_title_background":0,"ocean_post_title_bg_image_position":"","ocean_post_title_bg_image_attachment":"","ocean_post_title_bg_image_repeat":"","ocean_post_title_bg_image_size":"","ocean_post_title_height":0,"ocean_post_title_bg_overlay":0.5,"ocean_post_title_bg_overlay_color":"","ocean_disable_breadcrumbs":"default","ocean_breadcrumbs_color":"","ocean_breadcrumbs_separator_color":"","ocean_breadcrumbs_links_color":"","ocean_breadcrumbs_links_hover_color":"","ocean_display_footer_widgets":"default","ocean_display_footer_bottom":"default","ocean_custom_footer_template":"0","footnotes":""},"class_list":["post-3495","page","type-page","status-publish","hentry","entry"],"_links":{"self":[{"href":"https:\/\/ppgzoo.uesc.br\/index.php\/wp-json\/wp\/v2\/pages\/3495","targetHints":{"allow":["GET"]}}],"collection":[{"href":"https:\/\/ppgzoo.uesc.br\/index.php\/wp-json\/wp\/v2\/pages"}],"about":[{"href":"https:\/\/ppgzoo.uesc.br\/index.php\/wp-json\/wp\/v2\/types\/page"}],"author":[{"embeddable":true,"href":"https:\/\/ppgzoo.uesc.br\/index.php\/wp-json\/wp\/v2\/users\/1"}],"replies":[{"embeddable":true,"href":"https:\/\/ppgzoo.uesc.br\/index.php\/wp-json\/wp\/v2\/comments?post=3495"}],"version-history":[{"count":17,"href":"https:\/\/ppgzoo.uesc.br\/index.php\/wp-json\/wp\/v2\/pages\/3495\/revisions"}],"predecessor-version":[{"id":3979,"href":"https:\/\/ppgzoo.uesc.br\/index.php\/wp-json\/wp\/v2\/pages\/3495\/revisions\/3979"}],"wp:attachment":[{"href":"https:\/\/ppgzoo.uesc.br\/index.php\/wp-json\/wp\/v2\/media?parent=3495"}],"curies":[{"name":"wp","href":"https:\/\/api.w.org\/{rel}","templated":true}]}}