{"id":475,"date":"2021-11-05T15:47:17","date_gmt":"2021-11-05T18:47:17","guid":{"rendered":"http:\/\/ppgzoo.uesc.br\/?page_id=475"},"modified":"2022-06-30T11:35:29","modified_gmt":"2022-06-30T14:35:29","slug":"apresentacao","status":"publish","type":"page","link":"https:\/\/ppgzoo.uesc.br\/index.php\/apresentacao\/","title":{"rendered":"Apresenta\u00e7\u00e3o"},"content":{"rendered":"\t\t<div data-elementor-type=\"wp-page\" data-elementor-id=\"475\" class=\"elementor elementor-475\">\n\t\t\t\t\t\t<section class=\"elementor-section elementor-top-section elementor-element elementor-element-2599d28 elementor-section-boxed elementor-section-height-default elementor-section-height-default\" data-id=\"2599d28\" data-element_type=\"section\" data-e-type=\"section\">\n\t\t\t\t\t\t<div class=\"elementor-container elementor-column-gap-default\">\n\t\t\t\t\t<div class=\"elementor-column elementor-col-100 elementor-top-column elementor-element elementor-element-2f2559f\" data-id=\"2f2559f\" data-element_type=\"column\" data-e-type=\"column\">\n\t\t\t<div class=\"elementor-widget-wrap elementor-element-populated\">\n\t\t\t\t\t\t<div class=\"elementor-element elementor-element-eb74f1c elementor-widget elementor-widget-heading\" data-id=\"eb74f1c\" data-element_type=\"widget\" data-e-type=\"widget\" data-widget_type=\"heading.default\">\n\t\t\t\t<div class=\"elementor-widget-container\">\n\t\t\t\t\t<h1 class=\"elementor-heading-title elementor-size-default\">Apresenta\u00e7\u00e3o<\/h1>\t\t\t\t<\/div>\n\t\t\t\t<\/div>\n\t\t\t\t\t<\/div>\n\t\t<\/div>\n\t\t\t\t\t<\/div>\n\t\t<\/section>\n\t\t\t\t<section class=\"elementor-section elementor-top-section elementor-element elementor-element-7873f3e elementor-section-boxed elementor-section-height-default elementor-section-height-default\" data-id=\"7873f3e\" data-element_type=\"section\" data-e-type=\"section\">\n\t\t\t\t\t\t<div class=\"elementor-container elementor-column-gap-default\">\n\t\t\t\t\t<div class=\"elementor-column elementor-col-50 elementor-top-column elementor-element elementor-element-c4a71ce\" data-id=\"c4a71ce\" data-element_type=\"column\" data-e-type=\"column\">\n\t\t\t<div class=\"elementor-widget-wrap elementor-element-populated\">\n\t\t\t\t\t\t<div class=\"elementor-element elementor-element-ddbc9cc elementor-widget elementor-widget-text-editor\" data-id=\"ddbc9cc\" data-element_type=\"widget\" data-e-type=\"widget\" data-widget_type=\"text-editor.default\">\n\t\t\t\t<div class=\"elementor-widget-container\">\n\t\t\t\t\t\t\t\t\t<p>Sediado num remanescente de Mata Atl\u00e2ntica na regi\u00e3o sul da Bahia em Ilh\u00e9us-BA, o Programa de P\u00f3s-Gradua\u00e7\u00e3o em Zoologia (PPGZOO) da Universidade Estadual de Santa Cruz (UESC) teve in\u00edcio no ano de 2003. Foi o primeiro curso de P\u00f3s-gradua\u00e7\u00e3o em Zoologia aprovado pela CAPES no Estado da Bahia. A primeira turma de Doutorado ingressou em 2019.<\/p><p>O programa foi avaliado com conceito 5 no quadri\u00eanio 2013 \u2013 2016 (\u00faltima avalia\u00e7\u00e3o publicada). Durante o quadri\u00eanio 2016-2020, o programa contou com 43 cotas de bolsas de mestrado e doutorado e foi atribu\u00edda uma bolsa para o desenvolvimento da disserta\u00e7\u00e3o a todos os discentes de mestrado. Em 2020 o programa contou com oito p\u00f3s-doutorandos ativos.<\/p>\t\t\t\t\t\t\t\t<\/div>\n\t\t\t\t<\/div>\n\t\t\t\t<section class=\"elementor-section elementor-inner-section elementor-element elementor-element-a668706 elementor-section-boxed elementor-section-height-default elementor-section-height-default\" data-id=\"a668706\" data-element_type=\"section\" data-e-type=\"section\">\n\t\t\t\t\t\t<div class=\"elementor-container elementor-column-gap-default\">\n\t\t\t\t\t<div class=\"elementor-column elementor-col-100 elementor-inner-column elementor-element elementor-element-806876a\" data-id=\"806876a\" data-element_type=\"column\" data-e-type=\"column\">\n\t\t\t<div class=\"elementor-widget-wrap elementor-element-populated\">\n\t\t\t\t\t\t<div class=\"elementor-element elementor-element-954f76b elementor-widget elementor-widget-image\" data-id=\"954f76b\" data-element_type=\"widget\" data-e-type=\"widget\" data-widget_type=\"image.default\">\n\t\t\t\t<div class=\"elementor-widget-container\">\n\t\t\t\t\t\t\t\t\t\t\t\t\t\t\t<img fetchpriority=\"high\" decoding=\"async\" width=\"1024\" height=\"683\" src=\"https:\/\/ppgzoo.uesc.br\/wp-content\/uploads\/2021\/10\/IMG-20190211-WA0005-1024x683.jpg\" class=\"attachment-large size-large wp-image-145\" alt=\"\" srcset=\"https:\/\/ppgzoo.uesc.br\/wp-content\/uploads\/2021\/10\/IMG-20190211-WA0005-1024x683.jpg 1024w, https:\/\/ppgzoo.uesc.br\/wp-content\/uploads\/2021\/10\/IMG-20190211-WA0005-300x200.jpg 300w, https:\/\/ppgzoo.uesc.br\/wp-content\/uploads\/2021\/10\/IMG-20190211-WA0005-768x512.jpg 768w, https:\/\/ppgzoo.uesc.br\/wp-content\/uploads\/2021\/10\/IMG-20190211-WA0005.jpg 1225w\" sizes=\"(max-width: 1024px) 100vw, 1024px\" \/>\t\t\t\t\t\t\t\t\t\t\t\t\t\t\t<\/div>\n\t\t\t\t<\/div>\n\t\t\t\t\t<\/div>\n\t\t<\/div>\n\t\t\t\t\t<\/div>\n\t\t<\/section>\n\t\t\t\t\t<\/div>\n\t\t<\/div>\n\t\t\t\t<div class=\"elementor-column elementor-col-50 elementor-top-column elementor-element elementor-element-9a54280\" data-id=\"9a54280\" data-element_type=\"column\" data-e-type=\"column\">\n\t\t\t<div class=\"elementor-widget-wrap elementor-element-populated\">\n\t\t\t\t\t\t<div class=\"elementor-element elementor-element-66434c4 elementor-widget elementor-widget-image\" data-id=\"66434c4\" data-element_type=\"widget\" data-e-type=\"widget\" data-widget_type=\"image.default\">\n\t\t\t\t<div class=\"elementor-widget-container\">\n\t\t\t\t\t\t\t\t\t\t\t\t\t\t\t<img decoding=\"async\" width=\"683\" height=\"683\" src=\"https:\/\/ppgzoo.uesc.br\/wp-content\/uploads\/2021\/11\/mar1.png\" class=\"attachment-medium_large size-medium_large wp-image-901\" alt=\"\" srcset=\"https:\/\/ppgzoo.uesc.br\/wp-content\/uploads\/2021\/11\/mar1.png 683w, https:\/\/ppgzoo.uesc.br\/wp-content\/uploads\/2021\/11\/mar1-300x300.png 300w, https:\/\/ppgzoo.uesc.br\/wp-content\/uploads\/2021\/11\/mar1-150x150.png 150w\" sizes=\"(max-width: 683px) 100vw, 683px\" \/>\t\t\t\t\t\t\t\t\t\t\t\t\t\t\t<\/div>\n\t\t\t\t<\/div>\n\t\t\t\t<section class=\"elementor-section elementor-inner-section elementor-element elementor-element-4c08a75 elementor-section-boxed elementor-section-height-default elementor-section-height-default\" data-id=\"4c08a75\" data-element_type=\"section\" data-e-type=\"section\">\n\t\t\t\t\t\t<div class=\"elementor-container elementor-column-gap-default\">\n\t\t\t\t\t<div class=\"elementor-column elementor-col-100 elementor-inner-column elementor-element elementor-element-7af11ca\" data-id=\"7af11ca\" data-element_type=\"column\" data-e-type=\"column\">\n\t\t\t<div class=\"elementor-widget-wrap elementor-element-populated\">\n\t\t\t\t\t\t<div class=\"elementor-element elementor-element-ac4ca91 elementor-widget elementor-widget-text-editor\" data-id=\"ac4ca91\" data-element_type=\"widget\" data-e-type=\"widget\" data-widget_type=\"text-editor.default\">\n\t\t\t\t<div class=\"elementor-widget-container\">\n\t\t\t\t\t\t\t\t\t<p>O programa tem uma \u00e1rea de concentra\u00e7\u00e3o em Zoologia com duas linhas de pesquisa: \u201cSistem\u00e1tica e Biodiversidade\u201d e \u201cZoologia aplicada\u201d. O objetivo \u00e9 formar recursos humanos altamente qualificados, mestres e doutores, dedicados \u00e0 pesquisa e ao ensino. O PPGZOO visa \u00e0 forma\u00e7\u00e3o de taxonomistas \u2013 tanto em grupos de invertebrados quanto de vertebrados, anatomistas, fisiologistas, geneticistas e citogeneticistas animais, et\u00f3logos, bem como outros tipos de profissionais que trabalhem com a fauna, possibilitando ainda a aplica\u00e7\u00e3o deste conhecimento em programas de monitoramento e manejo dos recursos faun\u00edsticos, representando um fator estrat\u00e9gico para o desenvolvimento regional.<\/p>\t\t\t\t\t\t\t\t<\/div>\n\t\t\t\t<\/div>\n\t\t\t\t\t<\/div>\n\t\t<\/div>\n\t\t\t\t\t<\/div>\n\t\t<\/section>\n\t\t\t\t\t<\/div>\n\t\t<\/div>\n\t\t\t\t\t<\/div>\n\t\t<\/section>\n\t\t\t\t<section class=\"elementor-section elementor-top-section elementor-element elementor-element-8faf4be elementor-section-boxed elementor-section-height-default elementor-section-height-default\" data-id=\"8faf4be\" data-element_type=\"section\" data-e-type=\"section\">\n\t\t\t\t\t\t<div class=\"elementor-container elementor-column-gap-default\">\n\t\t\t\t\t<div class=\"elementor-column elementor-col-100 elementor-top-column elementor-element elementor-element-1513e91\" data-id=\"1513e91\" data-element_type=\"column\" data-e-type=\"column\">\n\t\t\t<div class=\"elementor-widget-wrap elementor-element-populated\">\n\t\t\t\t\t\t<section class=\"elementor-section elementor-inner-section elementor-element elementor-element-befb10e elementor-section-boxed elementor-section-height-default elementor-section-height-default\" data-id=\"befb10e\" data-element_type=\"section\" data-e-type=\"section\">\n\t\t\t\t\t\t<div class=\"elementor-container elementor-column-gap-default\">\n\t\t\t\t\t<div class=\"elementor-column elementor-col-50 elementor-inner-column elementor-element elementor-element-4fef90d\" data-id=\"4fef90d\" data-element_type=\"column\" data-e-type=\"column\">\n\t\t\t<div class=\"elementor-widget-wrap elementor-element-populated\">\n\t\t\t\t\t\t<div class=\"elementor-element elementor-element-5a73ec3 elementor-position-inline-end elementor-view-default elementor-mobile-position-block-start elementor-widget elementor-widget-icon-box\" data-id=\"5a73ec3\" data-element_type=\"widget\" data-e-type=\"widget\" data-widget_type=\"icon-box.default\">\n\t\t\t\t<div class=\"elementor-widget-container\">\n\t\t\t\t\t\t\t<div class=\"elementor-icon-box-wrapper\">\n\n\t\t\t\t\t\t<div class=\"elementor-icon-box-icon\">\n\t\t\t\t<a href=\"http:\/\/ppgzoo.uesc.br\/wp-content\/uploads\/2021\/11\/Planejamento.pdf\" class=\"elementor-icon\" tabindex=\"-1\" aria-label=\"Planejamento estrat\u00e9gico\">\n\t\t\t\t<i aria-hidden=\"true\" class=\"far fa-file-pdf\"><\/i>\t\t\t\t<\/a>\n\t\t\t<\/div>\n\t\t\t\n\t\t\t\t\t\t<div class=\"elementor-icon-box-content\">\n\n\t\t\t\t\t\t\t\t\t<h1 class=\"elementor-icon-box-title\">\n\t\t\t\t\t\t<a href=\"http:\/\/ppgzoo.uesc.br\/wp-content\/uploads\/2021\/11\/Planejamento.pdf\" >\n\t\t\t\t\t\t\tPlanejamento estrat\u00e9gico\t\t\t\t\t\t<\/a>\n\t\t\t\t\t<\/h1>\n\t\t\t\t\n\t\t\t\t\t\t\t\t\t<p class=\"elementor-icon-box-description\">\n\t\t\t\t\t\tPPGZOO 2021-2028\t\t\t\t\t<\/p>\n\t\t\t\t\n\t\t\t<\/div>\n\t\t\t\n\t\t<\/div>\n\t\t\t\t\t\t<\/div>\n\t\t\t\t<\/div>\n\t\t\t\t\t<\/div>\n\t\t<\/div>\n\t\t\t\t<div class=\"elementor-column elementor-col-50 elementor-inner-column elementor-element elementor-element-b2861b4\" data-id=\"b2861b4\" data-element_type=\"column\" data-e-type=\"column\">\n\t\t\t<div class=\"elementor-widget-wrap\">\n\t\t\t\t\t\t\t<\/div>\n\t\t<\/div>\n\t\t\t\t\t<\/div>\n\t\t<\/section>\n\t\t\t\t\t<\/div>\n\t\t<\/div>\n\t\t\t\t\t<\/div>\n\t\t<\/section>\n\t\t\t\t<\/div>\n\t\t","protected":false},"excerpt":{"rendered":"<p>Apresenta\u00e7\u00e3o Sediado num remanescente de Mata Atl\u00e2ntica na regi\u00e3o sul da Bahia em Ilh\u00e9us-BA, o Programa de P\u00f3s-Gradua\u00e7\u00e3o em Zoologia (PPGZOO) da Universidade Estadual de Santa Cruz (UESC) teve in\u00edcio no ano de 2003. Foi o primeiro curso de P\u00f3s-gradua\u00e7\u00e3o em Zoologia aprovado pela CAPES no Estado da Bahia. A primeira turma de Doutorado ingressou [&hellip;]<\/p>\n","protected":false},"author":1,"featured_media":0,"parent":0,"menu_order":0,"comment_status":"closed","ping_status":"closed","template":"","meta":{"ocean_post_layout":"full-screen","ocean_both_sidebars_style":"","ocean_both_sidebars_content_width":0,"ocean_both_sidebars_sidebars_width":0,"ocean_sidebar":"0","ocean_second_sidebar":"0","ocean_disable_margins":"enable","ocean_add_body_class":"","ocean_shortcode_before_top_bar":"","ocean_shortcode_after_top_bar":"","ocean_shortcode_before_header":"","ocean_shortcode_after_header":"","ocean_has_shortcode":"","ocean_shortcode_after_title":"","ocean_shortcode_before_footer_widgets":"","ocean_shortcode_after_footer_widgets":"","ocean_shortcode_before_footer_bottom":"","ocean_shortcode_after_footer_bottom":"","ocean_display_top_bar":"off","ocean_display_header":"default","ocean_header_style":"","ocean_center_header_left_menu":"0","ocean_custom_header_template":"0","ocean_custom_logo":0,"ocean_custom_retina_logo":0,"ocean_custom_logo_max_width":0,"ocean_custom_logo_tablet_max_width":0,"ocean_custom_logo_mobile_max_width":0,"ocean_custom_logo_max_height":0,"ocean_custom_logo_tablet_max_height":0,"ocean_custom_logo_mobile_max_height":0,"ocean_header_custom_menu":"0","ocean_menu_typo_font_family":"0","ocean_menu_typo_font_subset":"","ocean_menu_typo_font_size":0,"ocean_menu_typo_font_size_tablet":0,"ocean_menu_typo_font_size_mobile":0,"ocean_menu_typo_font_size_unit":"px","ocean_menu_typo_font_weight":"","ocean_menu_typo_font_weight_tablet":"","ocean_menu_typo_font_weight_mobile":"","ocean_menu_typo_transform":"","ocean_menu_typo_transform_tablet":"","ocean_menu_typo_transform_mobile":"","ocean_menu_typo_line_height":0,"ocean_menu_typo_line_height_tablet":0,"ocean_menu_typo_line_height_mobile":0,"ocean_menu_typo_line_height_unit":"","ocean_menu_typo_spacing":0,"ocean_menu_typo_spacing_tablet":0,"ocean_menu_typo_spacing_mobile":0,"ocean_menu_typo_spacing_unit":"","ocean_menu_link_color":"","ocean_menu_link_color_hover":"","ocean_menu_link_color_active":"","ocean_menu_link_background":"","ocean_menu_link_hover_background":"","ocean_menu_link_active_background":"","ocean_menu_social_links_bg":"","ocean_menu_social_hover_links_bg":"","ocean_menu_social_links_color":"","ocean_menu_social_hover_links_color":"","ocean_disable_title":"on","ocean_disable_heading":"default","ocean_post_title":"","ocean_post_subheading":"","ocean_post_title_style":"","ocean_post_title_background_color":"","ocean_post_title_background":0,"ocean_post_title_bg_image_position":"","ocean_post_title_bg_image_attachment":"","ocean_post_title_bg_image_repeat":"","ocean_post_title_bg_image_size":"","ocean_post_title_height":0,"ocean_post_title_bg_overlay":0.5,"ocean_post_title_bg_overlay_color":"","ocean_disable_breadcrumbs":"default","ocean_breadcrumbs_color":"","ocean_breadcrumbs_separator_color":"","ocean_breadcrumbs_links_color":"","ocean_breadcrumbs_links_hover_color":"","ocean_display_footer_widgets":"off","ocean_display_footer_bottom":"off","ocean_custom_footer_template":"0","footnotes":""},"class_list":["post-475","page","type-page","status-publish","hentry","entry"],"_links":{"self":[{"href":"https:\/\/ppgzoo.uesc.br\/index.php\/wp-json\/wp\/v2\/pages\/475","targetHints":{"allow":["GET"]}}],"collection":[{"href":"https:\/\/ppgzoo.uesc.br\/index.php\/wp-json\/wp\/v2\/pages"}],"about":[{"href":"https:\/\/ppgzoo.uesc.br\/index.php\/wp-json\/wp\/v2\/types\/page"}],"author":[{"embeddable":true,"href":"https:\/\/ppgzoo.uesc.br\/index.php\/wp-json\/wp\/v2\/users\/1"}],"replies":[{"embeddable":true,"href":"https:\/\/ppgzoo.uesc.br\/index.php\/wp-json\/wp\/v2\/comments?post=475"}],"version-history":[{"count":29,"href":"https:\/\/ppgzoo.uesc.br\/index.php\/wp-json\/wp\/v2\/pages\/475\/revisions"}],"predecessor-version":[{"id":1709,"href":"https:\/\/ppgzoo.uesc.br\/index.php\/wp-json\/wp\/v2\/pages\/475\/revisions\/1709"}],"wp:attachment":[{"href":"https:\/\/ppgzoo.uesc.br\/index.php\/wp-json\/wp\/v2\/media?parent=475"}],"curies":[{"name":"wp","href":"https:\/\/api.w.org\/{rel}","templated":true}]}}