{"id":984,"date":"2021-11-19T12:19:01","date_gmt":"2021-11-19T15:19:01","guid":{"rendered":"http:\/\/ppgzoo.uesc.br\/?page_id=984"},"modified":"2024-03-04T08:45:45","modified_gmt":"2024-03-04T11:45:45","slug":"ementas","status":"publish","type":"page","link":"https:\/\/ppgzoo.uesc.br\/index.php\/ementas\/","title":{"rendered":"Ementas"},"content":{"rendered":"\t\t<div data-elementor-type=\"wp-page\" data-elementor-id=\"984\" class=\"elementor elementor-984\">\n\t\t\t\t\t\t<section class=\"elementor-section elementor-top-section elementor-element elementor-element-47e78fe elementor-section-boxed elementor-section-height-default elementor-section-height-default\" data-id=\"47e78fe\" data-element_type=\"section\" data-e-type=\"section\">\n\t\t\t\t\t\t<div class=\"elementor-container elementor-column-gap-default\">\n\t\t\t\t\t<div class=\"elementor-column elementor-col-100 elementor-top-column elementor-element elementor-element-7b48882\" data-id=\"7b48882\" data-element_type=\"column\" data-e-type=\"column\">\n\t\t\t<div class=\"elementor-widget-wrap elementor-element-populated\">\n\t\t\t\t\t\t<div class=\"elementor-element elementor-element-f75db19 elementor-widget elementor-widget-heading\" data-id=\"f75db19\" data-element_type=\"widget\" data-e-type=\"widget\" data-widget_type=\"heading.default\">\n\t\t\t\t<div class=\"elementor-widget-container\">\n\t\t\t\t\t<h1 class=\"elementor-heading-title elementor-size-default\">Grade curricular<\/h1>\t\t\t\t<\/div>\n\t\t\t\t<\/div>\n\t\t\t\t\t<\/div>\n\t\t<\/div>\n\t\t\t\t\t<\/div>\n\t\t<\/section>\n\t\t\t\t<section class=\"elementor-section elementor-top-section elementor-element elementor-element-3d36450 elementor-section-boxed elementor-section-height-default elementor-section-height-default\" data-id=\"3d36450\" data-element_type=\"section\" data-e-type=\"section\">\n\t\t\t\t\t\t<div class=\"elementor-container elementor-column-gap-default\">\n\t\t\t\t\t<div class=\"elementor-column elementor-col-100 elementor-top-column elementor-element elementor-element-8d77354\" data-id=\"8d77354\" data-element_type=\"column\" data-e-type=\"column\">\n\t\t\t<div class=\"elementor-widget-wrap elementor-element-populated\">\n\t\t\t\t\t\t<div class=\"elementor-element elementor-element-90d768f elementor-widget elementor-widget-text-editor\" data-id=\"90d768f\" data-element_type=\"widget\" data-e-type=\"widget\" data-widget_type=\"text-editor.default\">\n\t\t\t\t<div class=\"elementor-widget-container\">\n\t\t\t\t\t\t\t\t\t<p><a href=\"http:\/\/ppgzoo.uesc.br\/wp-content\/uploads\/2024\/03\/GRADE-CURRICULAR-PPGZOO-04-03-2024.pdf\" target=\"_blank\" rel=\"noopener\">GRADE CURRICULAR DO PPGZOO<\/a> (lista com todas as disciplinas e informa\u00e7\u00f5es de carga hor\u00e1ria e credita\u00e7\u00e3o)<\/p>\t\t\t\t\t\t\t\t<\/div>\n\t\t\t\t<\/div>\n\t\t\t\t\t<\/div>\n\t\t<\/div>\n\t\t\t\t\t<\/div>\n\t\t<\/section>\n\t\t\t\t<section class=\"elementor-section elementor-top-section elementor-element elementor-element-30a3d1e elementor-section-boxed elementor-section-height-default elementor-section-height-default\" data-id=\"30a3d1e\" data-element_type=\"section\" data-e-type=\"section\">\n\t\t\t\t\t\t<div class=\"elementor-container elementor-column-gap-default\">\n\t\t\t\t\t<div class=\"elementor-column elementor-col-100 elementor-top-column elementor-element elementor-element-a88cb62\" data-id=\"a88cb62\" data-element_type=\"column\" data-e-type=\"column\">\n\t\t\t<div class=\"elementor-widget-wrap elementor-element-populated\">\n\t\t\t\t\t\t<div class=\"elementor-element elementor-element-1001091 elementor-widget elementor-widget-heading\" data-id=\"1001091\" data-element_type=\"widget\" data-e-type=\"widget\" data-widget_type=\"heading.default\">\n\t\t\t\t<div class=\"elementor-widget-container\">\n\t\t\t\t\t<h1 class=\"elementor-heading-title elementor-size-default\">Ementas<\/h1>\t\t\t\t<\/div>\n\t\t\t\t<\/div>\n\t\t\t\t\t<\/div>\n\t\t<\/div>\n\t\t\t\t\t<\/div>\n\t\t<\/section>\n\t\t\t\t<section class=\"elementor-section elementor-top-section elementor-element elementor-element-8a293b4 elementor-section-boxed elementor-section-height-default elementor-section-height-default\" data-id=\"8a293b4\" data-element_type=\"section\" data-e-type=\"section\">\n\t\t\t\t\t\t<div class=\"elementor-container elementor-column-gap-default\">\n\t\t\t\t\t<div class=\"elementor-column elementor-col-50 elementor-top-column elementor-element elementor-element-b2b150f\" data-id=\"b2b150f\" data-element_type=\"column\" data-e-type=\"column\">\n\t\t\t<div class=\"elementor-widget-wrap elementor-element-populated\">\n\t\t\t\t\t\t<div class=\"elementor-element elementor-element-a21bbe2 elementor-widget elementor-widget-text-editor\" data-id=\"a21bbe2\" data-element_type=\"widget\" data-e-type=\"widget\" data-widget_type=\"text-editor.default\">\n\t\t\t\t<div class=\"elementor-widget-container\">\n\t\t\t\t\t\t\t\t\t<p>CIB377 &#8211; MANEJO DE FAUNA SILVESTRE<\/p>\t\t\t\t\t\t\t\t<\/div>\n\t\t\t\t<\/div>\n\t\t\t\t\t<\/div>\n\t\t<\/div>\n\t\t\t\t<div class=\"elementor-column elementor-col-50 elementor-top-column elementor-element elementor-element-5b085af\" data-id=\"5b085af\" data-element_type=\"column\" data-e-type=\"column\">\n\t\t\t<div class=\"elementor-widget-wrap elementor-element-populated\">\n\t\t\t\t\t\t<div class=\"elementor-element elementor-element-97932d6 elementor-widget elementor-widget-heading\" data-id=\"97932d6\" data-element_type=\"widget\" data-e-type=\"widget\" data-widget_type=\"heading.default\">\n\t\t\t\t<div class=\"elementor-widget-container\">\n\t\t\t\t\t<h2 class=\"elementor-heading-title elementor-size-default\"><a href=\"https:\/\/drive.google.com\/file\/d\/1K0Ojha_nsahV2C80VNTlsobxMvhlTDIz\/view?usp=share_link\">PDF<\/a><\/h2>\t\t\t\t<\/div>\n\t\t\t\t<\/div>\n\t\t\t\t\t<\/div>\n\t\t<\/div>\n\t\t\t\t\t<\/div>\n\t\t<\/section>\n\t\t\t\t<section class=\"elementor-section elementor-top-section elementor-element elementor-element-b0df107 elementor-section-boxed elementor-section-height-default elementor-section-height-default\" data-id=\"b0df107\" data-element_type=\"section\" data-e-type=\"section\">\n\t\t\t\t\t\t<div class=\"elementor-container elementor-column-gap-default\">\n\t\t\t\t\t<div class=\"elementor-column elementor-col-100 elementor-top-column elementor-element elementor-element-d65be72\" data-id=\"d65be72\" data-element_type=\"column\" data-e-type=\"column\">\n\t\t\t<div class=\"elementor-widget-wrap elementor-element-populated\">\n\t\t\t\t\t\t<div class=\"elementor-element elementor-element-d120796 elementor-widget elementor-widget-shortcode\" data-id=\"d120796\" data-element_type=\"widget\" data-e-type=\"widget\" data-widget_type=\"shortcode.default\">\n\t\t\t\t<div class=\"elementor-widget-container\">\n\t\t\t\t\t\t\t<div class=\"elementor-shortcode\">\n<table id=\"tablepress-13\" class=\"tablepress tablepress-id-13\">\n<thead>\n<tr class=\"row-1\">\n\t<th class=\"column-1\">C\u00f3digo<\/th><th class=\"column-2\">Nome<\/th><th class=\"column-3\">Cr\u00e9ditos<\/th><th class=\"column-4\">Carga hor\u00e1ria<\/th><th class=\"column-5\">Download<\/th>\n<\/tr>\n<\/thead>\n<tbody class=\"row-striping row-hover\">\n<tr class=\"row-2\">\n\t<td class=\"column-1\">CET119<\/td><td class=\"column-2\">Bioestat\u00edstica<\/td><td class=\"column-3\">3<\/td><td class=\"column-4\">60<\/td><td class=\"column-5\"><a href=\"http:\/\/ppgzoo.uesc.br\/wp-content\/uploads\/2021\/11\/CET119.pdf\">Consultar o pdf<\/a><\/td>\n<\/tr>\n<tr class=\"row-3\">\n\t<td class=\"column-1\">CIB039<\/td><td class=\"column-2\">Conserva\u00e7\u00e3o da biodiversidade<\/td><td class=\"column-3\">3<\/td><td class=\"column-4\">60<\/td><td class=\"column-5\"><a href=\"http:\/\/ppgzoo.uesc.br\/wp-content\/uploads\/2021\/11\/CIB039.pdf\">Consultar o pdf<\/a><\/td>\n<\/tr>\n<tr class=\"row-4\">\n\t<td class=\"column-1\">CIB040<\/td><td class=\"column-2\">Etnozoologia<\/td><td class=\"column-3\">2<\/td><td class=\"column-4\">30<\/td><td class=\"column-5\"><a href=\"http:\/\/ppgzoo.uesc.br\/wp-content\/uploads\/2021\/11\/CIB040.pdf\">Consultar o pdf<\/a><\/td>\n<\/tr>\n<tr class=\"row-5\">\n\t<td class=\"column-1\">CIB041<\/td><td class=\"column-2\">Manejo de fauna silvestre<\/td><td class=\"column-3\">3<\/td><td class=\"column-4\">60<\/td><td class=\"column-5\"><a href=\"http:\/\/ppgzoo.uesc.br\/wp-content\/uploads\/2021\/11\/CIB041.pdf\">Consultar o pdf<\/a><\/td>\n<\/tr>\n<tr class=\"row-6\">\n\t<td class=\"column-1\">CIB044<\/td><td class=\"column-2\">Cria\u00e7\u00e3o de animais silvestres<\/td><td class=\"column-3\">3<\/td><td class=\"column-4\">60<\/td><td class=\"column-5\"><a href=\"http:\/\/ppgzoo.uesc.br\/wp-content\/uploads\/2021\/11\/CIB044.pdf\">Consultar o pdf<\/a><\/td>\n<\/tr>\n<tr class=\"row-7\">\n\t<td class=\"column-1\">CIB050<\/td><td class=\"column-2\">Fauna de manguezais<\/td><td class=\"column-3\">3<\/td><td class=\"column-4\">60<\/td><td class=\"column-5\"><a href=\"http:\/\/ppgzoo.uesc.br\/wp-content\/uploads\/2021\/11\/CIB050.pdf\">Consultar o pdf<\/a><\/td>\n<\/tr>\n<tr class=\"row-8\">\n\t<td class=\"column-1\">CIB075<\/td><td class=\"column-2\">Etologia Aplicada<\/td><td class=\"column-3\">3<\/td><td class=\"column-4\">60<\/td><td class=\"column-5\"><a href=\"http:\/\/ppgzoo.uesc.br\/wp-content\/uploads\/2021\/11\/CIB075.pdf\">Consultar o pdf<\/a><\/td>\n<\/tr>\n<tr class=\"row-9\">\n\t<td class=\"column-1\">CIB078<\/td><td class=\"column-2\">Biologia molecular aplicada a Zoologia<\/td><td class=\"column-3\">4<\/td><td class=\"column-4\">60<\/td><td class=\"column-5\"><a href=\"http:\/\/ppgzoo.uesc.br\/wp-content\/uploads\/2021\/11\/CIB078.pdf\">Consultar o pdf<\/a><\/td>\n<\/tr>\n<tr class=\"row-10\">\n\t<td class=\"column-1\">CIB116<\/td><td class=\"column-2\">Etologia b\u00e1sica<\/td><td class=\"column-3\">3<\/td><td class=\"column-4\">60<\/td><td class=\"column-5\"><a href=\"http:\/\/ppgzoo.uesc.br\/wp-content\/uploads\/2021\/11\/CIB116.pdf\">Consultar o pdf<\/a><\/td>\n<\/tr>\n<tr class=\"row-11\">\n\t<td class=\"column-1\">CIB120<\/td><td class=\"column-2\">Organiza\u00e7\u00e3o social<\/td><td class=\"column-3\">3<\/td><td class=\"column-4\">60<\/td><td class=\"column-5\"><a href=\"http:\/\/ppgzoo.uesc.br\/wp-content\/uploads\/2021\/11\/CIB120.pdf\">Consultar o pdf<\/a><\/td>\n<\/tr>\n<tr class=\"row-12\">\n\t<td class=\"column-1\">CIB122<\/td><td class=\"column-2\">Fundamentos de taxonomia Zoologica<\/td><td class=\"column-3\">4<\/td><td class=\"column-4\">60<\/td><td class=\"column-5\"><a href=\"http:\/\/ppgzoo.uesc.br\/wp-content\/uploads\/2021\/11\/CIB122.pdf\">Consultar o pdf<\/a><\/td>\n<\/tr>\n<tr class=\"row-13\">\n\t<td class=\"column-1\">CIB331<\/td><td class=\"column-2\">Biologia de artr\u00f3podes sociais<\/td><td class=\"column-3\">3<\/td><td class=\"column-4\">60<\/td><td class=\"column-5\"><a href=\"http:\/\/ppgzoo.uesc.br\/wp-content\/uploads\/2021\/11\/CIB331.pdf\">Consultar o pdf<\/a><\/td>\n<\/tr>\n<tr class=\"row-14\">\n\t<td class=\"column-1\">CIB341<\/td><td class=\"column-2\">Bases da Pesquisa Cient\u00edfica em Zoologia<\/td><td class=\"column-3\">4<\/td><td class=\"column-4\">60<\/td><td class=\"column-5\"><a href=\"http:\/\/ppgzoo.uesc.br\/wp-content\/uploads\/2021\/11\/CIB341.pdf\">Consultar o pdf<\/a><\/td>\n<\/tr>\n<tr class=\"row-15\">\n\t<td class=\"column-1\">CIB344<\/td><td class=\"column-2\">Bioac\u00fastica<\/td><td class=\"column-3\">4<\/td><td class=\"column-4\">60<\/td><td class=\"column-5\"><a href=\"http:\/\/ppgzoo.uesc.br\/wp-content\/uploads\/2021\/11\/CIB344.pdf\">Consultar o pdf<\/a><\/td>\n<\/tr>\n<tr class=\"row-16\">\n\t<td class=\"column-1\">CIB345<\/td><td class=\"column-2\">Biogeografia evolutiva<\/td><td class=\"column-3\">4<\/td><td class=\"column-4\">60<\/td><td class=\"column-5\"><a href=\"http:\/\/ppgzoo.uesc.br\/wp-content\/uploads\/2021\/11\/CIB345.pdf\">Consultar o pdf<\/a><\/td>\n<\/tr>\n<tr class=\"row-17\">\n\t<td class=\"column-1\">CIB348<\/td><td class=\"column-2\">Biologia e conserva\u00e7\u00e3o de mam\u00edferos marinhos<\/td><td class=\"column-3\">3<\/td><td class=\"column-4\">45<\/td><td class=\"column-5\"><a href=\"http:\/\/ppgzoo.uesc.br\/wp-content\/uploads\/2021\/11\/CIB348.pdf\">Consultar o pdf<\/a><\/td>\n<\/tr>\n<tr class=\"row-18\">\n\t<td class=\"column-1\">CIB349<\/td><td class=\"column-2\">Biologia evolutiva<\/td><td class=\"column-3\">4<\/td><td class=\"column-4\">60<\/td><td class=\"column-5\"><a href=\"http:\/\/ppgzoo.uesc.br\/wp-content\/uploads\/2021\/11\/CIB349.pdf\">Consultar o pdf<\/a><\/td>\n<\/tr>\n<tr class=\"row-19\">\n\t<td class=\"column-1\">CIB350<\/td><td class=\"column-2\">Biologia molecular aplicada \u00e0 Zoologia<\/td><td class=\"column-3\">4<\/td><td class=\"column-4\">60<\/td><td class=\"column-5\"><a href=\"http:\/\/ppgzoo.uesc.br\/wp-content\/uploads\/2021\/11\/CIB350.pdf\">Consultar o pdf<\/a><\/td>\n<\/tr>\n<tr class=\"row-20\">\n\t<td class=\"column-1\">CIB351<\/td><td class=\"column-2\">Citogenetica e Evolucao Animal<\/td><td class=\"column-3\">4<\/td><td class=\"column-4\">60<\/td><td class=\"column-5\"><a href=\"http:\/\/ppgzoo.uesc.br\/wp-content\/uploads\/2021\/11\/CIB351.pdf\">Consultar o pdf<\/a><\/td>\n<\/tr>\n<tr class=\"row-21\">\n\t<td class=\"column-1\">CIB352<\/td><td class=\"column-2\">Cogni\u00e7\u00e3o evolu\u00e7\u00e3o e comportamento<\/td><td class=\"column-3\">4<\/td><td class=\"column-4\">60<\/td><td class=\"column-5\"><a href=\"http:\/\/ppgzoo.uesc.br\/wp-content\/uploads\/2021\/11\/CIB352.pdf\">Consultar o pdf<\/a><\/td>\n<\/tr>\n<tr class=\"row-22\">\n\t<td class=\"column-1\">CIB353<\/td><td class=\"column-2\">Comportamento social em vertebrados<\/td><td class=\"column-3\">3<\/td><td class=\"column-4\">45<\/td><td class=\"column-5\"><a href=\"http:\/\/ppgzoo.uesc.br\/wp-content\/uploads\/2021\/11\/CIB353.pdf\">Consultar o pdf<\/a><\/td>\n<\/tr>\n<tr class=\"row-23\">\n\t<td class=\"column-1\">CIB356<\/td><td class=\"column-2\">Entomologia aqu\u00e1tica<\/td><td class=\"column-3\">4<\/td><td class=\"column-4\">60<\/td><td class=\"column-5\"><a href=\"http:\/\/ppgzoo.uesc.br\/wp-content\/uploads\/2021\/11\/CIB356.pdf\">Consultar o pdf<\/a><\/td>\n<\/tr>\n<tr class=\"row-24\">\n\t<td class=\"column-1\">CIB357<\/td><td class=\"column-2\">Estat\u00edstica aplicada \u00e0 Zoologia<\/td><td class=\"column-3\">4<\/td><td class=\"column-4\">60<\/td><td class=\"column-5\"><a href=\"http:\/\/ppgzoo.uesc.br\/wp-content\/uploads\/2021\/11\/CIB357.pdf\">Consultar o pdf<\/a><\/td>\n<\/tr>\n<tr class=\"row-25\">\n\t<td class=\"column-1\">CIB358<\/td><td class=\"column-2\">Etnozoologia e etnosistem\u00e1tica<\/td><td class=\"column-3\">3<\/td><td class=\"column-4\">45<\/td><td class=\"column-5\"><a href=\"http:\/\/ppgzoo.uesc.br\/wp-content\/uploads\/2021\/11\/CIB358.pdf\">Consultar o pdf<\/a><\/td>\n<\/tr>\n<tr class=\"row-26\">\n\t<td class=\"column-1\">CIB362<\/td><td class=\"column-2\">Invertebrados marinhos<\/td><td class=\"column-3\">4<\/td><td class=\"column-4\">60<\/td><td class=\"column-5\"><a href=\"http:\/\/ppgzoo.uesc.br\/wp-content\/uploads\/2021\/11\/CIB362.pdf\">Consultar o pdf<\/a><\/td>\n<\/tr>\n<tr class=\"row-27\">\n\t<td class=\"column-1\">CIB363<\/td><td class=\"column-2\">Mastozoologia<\/td><td class=\"column-3\">4<\/td><td class=\"column-4\">60<\/td><td class=\"column-5\"><a href=\"http:\/\/ppgzoo.uesc.br\/wp-content\/uploads\/2021\/11\/CIB363.pdf\">Consultar o pdf<\/a><\/td>\n<\/tr>\n<tr class=\"row-28\">\n\t<td class=\"column-1\">CIB364<\/td><td class=\"column-2\">M\u00e9todos de an\u00e1lise do comportamento<\/td><td class=\"column-3\">4<\/td><td class=\"column-4\">60<\/td><td class=\"column-5\"><a href=\"http:\/\/ppgzoo.uesc.br\/wp-content\/uploads\/2022\/04\/CIB364.pdf\">Consultar o pdf<\/a><\/td>\n<\/tr>\n<tr class=\"row-29\">\n\t<td class=\"column-1\">CIB365<\/td><td class=\"column-2\">M\u00e9todos de campo em Zoologia<\/td><td class=\"column-3\">8<\/td><td class=\"column-4\">120<\/td><td class=\"column-5\"><a href=\"http:\/\/ppgzoo.uesc.br\/wp-content\/uploads\/2021\/11\/CIB365.pdf\">Consultar o pdf<\/a><\/td>\n<\/tr>\n<tr class=\"row-30\">\n\t<td class=\"column-1\">CIB366<\/td><td class=\"column-2\">Reda\u00e7\u00e3o cient\u00edfica para zo\u00f3logos<\/td><td class=\"column-3\">4<\/td><td class=\"column-4\">60<\/td><td class=\"column-5\"><a href=\"http:\/\/ppgzoo.uesc.br\/wp-content\/uploads\/2021\/11\/CIB366.pdf\">Consultar o pdf<\/a><\/td>\n<\/tr>\n<tr class=\"row-31\">\n\t<td class=\"column-1\">CIB368<\/td><td class=\"column-2\">Temas integrados em Zoologia<\/td><td class=\"column-3\">4<\/td><td class=\"column-4\">60<\/td><td class=\"column-5\"><a href=\"http:\/\/ppgzoo.uesc.br\/wp-content\/uploads\/2021\/11\/CIB368.pdf\">Consultar o pdf<\/a><\/td>\n<\/tr>\n<tr class=\"row-32\">\n\t<td class=\"column-1\">CIB371<\/td><td class=\"column-2\">T\u00f3picos especiais em Zoologia II: Animais pe\u00e7onhentos<\/td><td class=\"column-3\">2<\/td><td class=\"column-4\">30<\/td><td class=\"column-5\"><a href=\"http:\/\/ppgzoo.uesc.br\/wp-content\/uploads\/2021\/11\/CIB371 Animais.pdf\">Consultar o pdf<\/a><\/td>\n<\/tr>\n<tr class=\"row-33\">\n\t<td class=\"column-1\">CIB371<\/td><td class=\"column-2\">T\u00f3picos especiais em Zoologia II: Mudan\u00e7as clim\u00e1ticas da Terra e a biodiversidade<\/td><td class=\"column-3\">2<\/td><td class=\"column-4\">30<\/td><td class=\"column-5\"><a href=\"http:\/\/ppgzoo.uesc.br\/wp-content\/uploads\/2021\/11\/CIB371 M\u00eddias.pdf\">Consultar o pdf<\/a><\/td>\n<\/tr>\n<tr class=\"row-34\">\n\t<td class=\"column-1\">CIB371<\/td><td class=\"column-2\">T\u00f3picos Especiais em Zoologia II: M\u00eddias Sociais e Divulga\u00e7\u00e3o Cient\u00edfica Aplicadas \u00e0 Zoologia<\/td><td class=\"column-3\">2<\/td><td class=\"column-4\">30<\/td><td class=\"column-5\"><a href=\"http:\/\/ppgzoo.uesc.br\/wp-content\/uploads\/2021\/11\/CIB371 Mudan\u00e7as.pdf\">Consultar o pdf<\/a><\/td>\n<\/tr>\n<tr class=\"row-35\">\n\t<td class=\"column-1\">CIB372<\/td><td class=\"column-2\">T\u00f3picos especiais em Zoologia III: Prepara\u00e7\u00e3o de material de divulga\u00e7\u00e3o cient\u00edfica aplicado \u00e0 Zoologia<\/td><td class=\"column-3\">3<\/td><td class=\"column-4\">45<\/td><td class=\"column-5\"><a href=\"http:\/\/ppgzoo.uesc.br\/wp-content\/uploads\/2021\/11\/CIB372 Prepara\u00e7\u00e3o.pdf\">Consultar o pdf<\/a><\/td>\n<\/tr>\n<tr class=\"row-36\">\n\t<td class=\"column-1\">CIB373<\/td><td class=\"column-2\">T\u00f3picos especiais em Zoologia IV: Geoecologia e zoologia da Caatinga e Mata atl\u00e2ntica<\/td><td class=\"column-3\">4<\/td><td class=\"column-4\">60<\/td><td class=\"column-5\"><a href=\"http:\/\/ppgzoo.uesc.br\/wp-content\/uploads\/2021\/11\/CIB373 Geoecologia.pdf\">Consultar o pdf<\/a><\/td>\n<\/tr>\n<tr class=\"row-37\">\n\t<td class=\"column-1\">CIB373<\/td><td class=\"column-2\">T\u00f3picos especiais em Zoologia IV: Hist\u00f3ria natural de form\u00edgas neotropicais<\/td><td class=\"column-3\">4<\/td><td class=\"column-4\">60<\/td><td class=\"column-5\"><a href=\"http:\/\/ppgzoo.uesc.br\/wp-content\/uploads\/2021\/11\/CIB373 Hist\u00f3ria.pdf\">Consultar o pdf<\/a><\/td>\n<\/tr>\n<tr class=\"row-38\">\n\t<td class=\"column-1\">CIB373<\/td><td class=\"column-2\">T\u00f3picos Especiais em Zoologia IV: Organiza\u00e7\u00e3o e princ\u00edpios de an\u00e1lise de dados aplicados \u00e0 Zoologia<\/td><td class=\"column-3\">4<\/td><td class=\"column-4\">60<\/td><td class=\"column-5\"><a href=\"http:\/\/ppgzoo.uesc.br\/wp-content\/uploads\/2021\/11\/CIB373 Organiza\u00e7\u00e3o.pdf\">Consultar o pdf<\/a><\/td>\n<\/tr>\n<tr class=\"row-39\">\n\t<td class=\"column-1\">CIB610<\/td><td class=\"column-2\">Biologia de anf\u00edbios<\/td><td class=\"column-3\">3<\/td><td class=\"column-4\">45<\/td><td class=\"column-5\"><a href=\"http:\/\/ppgzoo.uesc.br\/wp-content\/uploads\/2021\/11\/CIB610.pdf\">Consultar o pdf<\/a><\/td>\n<\/tr>\n<tr class=\"row-40\">\n\t<td class=\"column-1\">CIB373<\/td><td class=\"column-2\">T\u00f3picos Especiais em Zoologia IV: Morfometria Geom\u00e9trica<\/td><td class=\"column-3\">4<\/td><td class=\"column-4\">60<\/td><td class=\"column-5\"><a href=\"https:\/\/drive.google.com\/file\/d\/1k-EqlGC3OuQkdrl7P7hZp8JegWtLJOQU\/view?usp=sharing\">Consultar o pdf<\/a><\/td>\n<\/tr>\n<tr class=\"row-41\">\n\t<td class=\"column-1\">CIB373<\/td><td class=\"column-2\">T\u00f3picos Especiais em Zoologia IV: Metodologia de Ensino Aplicada \u00e0 Zoologia<\/td><td class=\"column-3\">4<\/td><td class=\"column-4\">60<\/td><td class=\"column-5\"><a href=\"https:\/\/drive.google.com\/file\/d\/15VXY-v4O6sYeuynOF94gXfY-5bO2Ph_A\/view?usp=sharing\">Consultar o pdf<\/a><\/td>\n<\/tr>\n<tr class=\"row-42\">\n\t<td class=\"column-1\">CIB373<\/td><td class=\"column-2\">T\u00f3picos Especiais em Zoologia III: Organiza\u00e7\u00e3o e Princ\u00edpios de An\u00e1lise de Dados Aplicado \u00e0 Zoologia<\/td><td class=\"column-3\">4<\/td><td class=\"column-4\">60<\/td><td class=\"column-5\"><a href=\"https:\/\/drive.google.com\/file\/d\/1goXRZW4R_HJh2IWItSeMG6Wt9MlEPZQV\/view?usp=sharing\">Consultar o pdf<\/a><\/td>\n<\/tr>\n<\/tbody>\n<\/table>\n<!-- #tablepress-13 from cache --><\/div>\n\t\t\t\t\t\t<\/div>\n\t\t\t\t<\/div>\n\t\t\t\t\t<\/div>\n\t\t<\/div>\n\t\t\t\t\t<\/div>\n\t\t<\/section>\n\t\t\t\t<\/div>\n\t\t","protected":false},"excerpt":{"rendered":"<p>Grade curricular GRADE CURRICULAR DO PPGZOO (lista com todas as disciplinas e informa\u00e7\u00f5es de carga hor\u00e1ria e credita\u00e7\u00e3o) Ementas CIB377 &#8211; MANEJO DE FAUNA SILVESTRE PDF<\/p>\n","protected":false},"author":1,"featured_media":0,"parent":0,"menu_order":0,"comment_status":"closed","ping_status":"closed","template":"","meta":{"ocean_post_layout":"full-screen","ocean_both_sidebars_style":"","ocean_both_sidebars_content_width":0,"ocean_both_sidebars_sidebars_width":0,"ocean_sidebar":"0","ocean_second_sidebar":"0","ocean_disable_margins":"enable","ocean_add_body_class":"","ocean_shortcode_before_top_bar":"","ocean_shortcode_after_top_bar":"","ocean_shortcode_before_header":"","ocean_shortcode_after_header":"","ocean_has_shortcode":"","ocean_shortcode_after_title":"","ocean_shortcode_before_footer_widgets":"","ocean_shortcode_after_footer_widgets":"","ocean_shortcode_before_footer_bottom":"","ocean_shortcode_after_footer_bottom":"","ocean_display_top_bar":"off","ocean_display_header":"default","ocean_header_style":"","ocean_center_header_left_menu":"0","ocean_custom_header_template":"0","ocean_custom_logo":0,"ocean_custom_retina_logo":0,"ocean_custom_logo_max_width":0,"ocean_custom_logo_tablet_max_width":0,"ocean_custom_logo_mobile_max_width":0,"ocean_custom_logo_max_height":0,"ocean_custom_logo_tablet_max_height":0,"ocean_custom_logo_mobile_max_height":0,"ocean_header_custom_menu":"0","ocean_menu_typo_font_family":"0","ocean_menu_typo_font_subset":"","ocean_menu_typo_font_size":0,"ocean_menu_typo_font_size_tablet":0,"ocean_menu_typo_font_size_mobile":0,"ocean_menu_typo_font_size_unit":"px","ocean_menu_typo_font_weight":"","ocean_menu_typo_font_weight_tablet":"","ocean_menu_typo_font_weight_mobile":"","ocean_menu_typo_transform":"","ocean_menu_typo_transform_tablet":"","ocean_menu_typo_transform_mobile":"","ocean_menu_typo_line_height":0,"ocean_menu_typo_line_height_tablet":0,"ocean_menu_typo_line_height_mobile":0,"ocean_menu_typo_line_height_unit":"","ocean_menu_typo_spacing":0,"ocean_menu_typo_spacing_tablet":0,"ocean_menu_typo_spacing_mobile":0,"ocean_menu_typo_spacing_unit":"","ocean_menu_link_color":"","ocean_menu_link_color_hover":"","ocean_menu_link_color_active":"","ocean_menu_link_background":"","ocean_menu_link_hover_background":"","ocean_menu_link_active_background":"","ocean_menu_social_links_bg":"","ocean_menu_social_hover_links_bg":"","ocean_menu_social_links_color":"","ocean_menu_social_hover_links_color":"","ocean_disable_title":"on","ocean_disable_heading":"default","ocean_post_title":"","ocean_post_subheading":"","ocean_post_title_style":"","ocean_post_title_background_color":"","ocean_post_title_background":0,"ocean_post_title_bg_image_position":"","ocean_post_title_bg_image_attachment":"","ocean_post_title_bg_image_repeat":"","ocean_post_title_bg_image_size":"","ocean_post_title_height":0,"ocean_post_title_bg_overlay":0.5,"ocean_post_title_bg_overlay_color":"","ocean_disable_breadcrumbs":"default","ocean_breadcrumbs_color":"","ocean_breadcrumbs_separator_color":"","ocean_breadcrumbs_links_color":"","ocean_breadcrumbs_links_hover_color":"","ocean_display_footer_widgets":"off","ocean_display_footer_bottom":"off","ocean_custom_footer_template":"0","footnotes":""},"class_list":["post-984","page","type-page","status-publish","hentry","entry"],"_links":{"self":[{"href":"https:\/\/ppgzoo.uesc.br\/index.php\/wp-json\/wp\/v2\/pages\/984","targetHints":{"allow":["GET"]}}],"collection":[{"href":"https:\/\/ppgzoo.uesc.br\/index.php\/wp-json\/wp\/v2\/pages"}],"about":[{"href":"https:\/\/ppgzoo.uesc.br\/index.php\/wp-json\/wp\/v2\/types\/page"}],"author":[{"embeddable":true,"href":"https:\/\/ppgzoo.uesc.br\/index.php\/wp-json\/wp\/v2\/users\/1"}],"replies":[{"embeddable":true,"href":"https:\/\/ppgzoo.uesc.br\/index.php\/wp-json\/wp\/v2\/comments?post=984"}],"version-history":[{"count":13,"href":"https:\/\/ppgzoo.uesc.br\/index.php\/wp-json\/wp\/v2\/pages\/984\/revisions"}],"predecessor-version":[{"id":2766,"href":"https:\/\/ppgzoo.uesc.br\/index.php\/wp-json\/wp\/v2\/pages\/984\/revisions\/2766"}],"wp:attachment":[{"href":"https:\/\/ppgzoo.uesc.br\/index.php\/wp-json\/wp\/v2\/media?parent=984"}],"curies":[{"name":"wp","href":"https:\/\/api.w.org\/{rel}","templated":true}]}}